{"id":7391,"date":"2026-04-07T09:49:18","date_gmt":"2026-04-07T08:49:18","guid":{"rendered":"https:\/\/sgcoin.com\/rapport-soumis-avec-succes\/"},"modified":"2026-04-23T16:59:49","modified_gmt":"2026-04-23T15:59:49","slug":"rapport-soumis-avec-succes","status":"publish","type":"page","link":"https:\/\/sgcoin.com\/fr\/rapport-soumis-avec-succes\/","title":{"rendered":"Rapport soumis avec succ\u00e8s"},"content":{"rendered":"\t\t<div data-elementor-type=\"wp-page\" data-elementor-id=\"7391\" class=\"elementor elementor-7391 elementor-7214\" data-elementor-settings=\"{&quot;ha_cmc_init_switcher&quot;:&quot;no&quot;}\">\n\t\t\t\t<div class=\"elementor-element elementor-element-4369460 e-flex e-con-boxed e-con e-parent\" data-id=\"4369460\" data-element_type=\"container\" data-settings=\"{&quot;jet_parallax_layout_list&quot;:[],&quot;_ha_eqh_enable&quot;:false}\">\n\t\t\t\t\t<div class=\"e-con-inner\">\n\t\t\t\t<div class=\"elementor-element elementor-element-a6934c8 elementor-hidden-mobile elementor-widget elementor-widget-heading\" data-id=\"a6934c8\" data-element_type=\"widget\" data-widget_type=\"heading.default\">\n\t\t\t\t<div class=\"elementor-widget-container\">\n\t\t\t\t\t<h2 class=\"elementor-heading-title elementor-size-default\">Rapport soumis avec succ\u00e8s<\/h2>\t\t\t\t<\/div>\n\t\t\t\t<\/div>\n\t\t\t\t<div class=\"elementor-element elementor-element-86e3d5f elementor-widget elementor-widget-image\" data-id=\"86e3d5f\" data-element_type=\"widget\" data-widget_type=\"image.default\">\n\t\t\t\t<div class=\"elementor-widget-container\">\n\t\t\t\t\t\t\t\t\t\t\t\t\t\t\t<img decoding=\"async\" width=\"160\" height=\"20\" src=\"https:\/\/sgcoin.com\/wp-content\/uploads\/2023\/07\/linha-animada-sgcoin-1-1-1.svg\" class=\"attachment-full size-full wp-image-5867\" alt=\"\" \/>\t\t\t\t\t\t\t\t\t\t\t\t\t\t\t<\/div>\n\t\t\t\t<\/div>\n\t\t\t\t<div class=\"elementor-element elementor-element-f696d6d elementor-widget elementor-widget-text-editor\" data-id=\"f696d6d\" data-element_type=\"widget\" data-widget_type=\"text-editor.default\">\n\t\t\t\t<div class=\"elementor-widget-container\">\n\t\t\t\t\t\t\t\t\t<p>Nous vous remercions de nous avoir contact\u00e9s et vous informons que votre plainte a bien \u00e9t\u00e9 re\u00e7ue par le biais de notre canal de r\u00e9clamation.<\/p>\t\t\t\t\t\t\t\t<\/div>\n\t\t\t\t<\/div>\n\t\t<div class=\"elementor-element elementor-element-71d7ea3 e-flex e-con-boxed e-con e-child\" data-id=\"71d7ea3\" data-element_type=\"container\" data-settings=\"{&quot;jet_parallax_layout_list&quot;:[],&quot;_ha_eqh_enable&quot;:false}\">\n\t\t\t\t\t<div class=\"e-con-inner\">\n\t\t\t\t<div class=\"elementor-element elementor-element-ab12866 elementor-widget elementor-widget-text-editor\" data-id=\"ab12866\" data-element_type=\"widget\" data-widget_type=\"text-editor.default\">\n\t\t\t\t<div class=\"elementor-widget-container\">\n\t\t\t\t\t\t\t\t\t<p><strong>Code de la plainte :<\/strong><\/p>\t\t\t\t\t\t\t\t<\/div>\n\t\t\t\t<\/div>\n\t\t\t\t<div class=\"elementor-element elementor-element-78d85b8 codigo-denuncia-text elementor-widget elementor-widget-text-editor\" data-id=\"78d85b8\" data-element_type=\"widget\" data-widget_type=\"text-editor.default\">\n\t\t\t\t<div class=\"elementor-widget-container\">\n\t\t\t\t\t\t\t\t\t<p>_<\/p>\t\t\t\t\t\t\t\t<\/div>\n\t\t\t\t<\/div>\n\t\t\t\t\t<\/div>\n\t\t\t\t<\/div>\n\t\t\t\t<div class=\"elementor-element elementor-element-ea3ce7c elementor-widget elementor-widget-text-editor\" data-id=\"ea3ce7c\" data-element_type=\"widget\" data-widget_type=\"text-editor.default\">\n\t\t\t\t<div class=\"elementor-widget-container\">\n\t\t\t\t\t\t\t\t\t<p>Veuillez conserver cette r\u00e9f\u00e9rence car elle sera n\u00e9cessaire pour toute demande ult\u00e9rieure concernant l&rsquo;\u00e9tat d&rsquo;avancement du dossier ou pour fournir des informations compl\u00e9mentaires.<\/p><p>Nous vous garantissons que la plainte sera analys\u00e9e avec le plus grand s\u00e9rieux, en toute confidentialit\u00e9 et impartialit\u00e9, conform\u00e9ment aux dispositions de la loi n\u00b0 93\/2021 du 20 d\u00e9cembre.<\/p><p>Si vous avez choisi de vous identifier, vous pouvez \u00eatre contact\u00e9 par notre \u00e9quipe pour recueillir des informations compl\u00e9mentaires.<\/p><p><strong>Nous nous engageons \u00e0 vous informer des suites donn\u00e9es \u00e0 votre r\u00e9clamation dans un d\u00e9lai maximum de 3 mois \u00e0 compter de cette date.<\/strong><\/p><p>Nous vous rappelons que toute forme de repr\u00e9sailles \u00e0 l&rsquo;encontre d&rsquo;un d\u00e9nonciateur de bonne foi est absolument interdite.<\/p><p><strong>SGCOIN<\/strong><\/p>\t\t\t\t\t\t\t\t<\/div>\n\t\t\t\t<\/div>\n\t\t\t\t<div class=\"elementor-element elementor-element-d8638d7 elementor-align-left elementor-widget elementor-widget-button\" data-id=\"d8638d7\" data-element_type=\"widget\" data-widget_type=\"button.default\">\n\t\t\t\t<div class=\"elementor-widget-container\">\n\t\t\t\t\t\t\t\t\t<div class=\"elementor-button-wrapper\">\n\t\t\t\t\t<a class=\"elementor-button elementor-button-link elementor-size-sm\" href=\"\/fr\/canal-de-denonciation\/\">\n\t\t\t\t\t\t<span class=\"elementor-button-content-wrapper\">\n\t\t\t\t\t\t<span class=\"elementor-button-icon\">\n\t\t\t\t<svg aria-hidden=\"true\" class=\"e-font-icon-svg e-fas-long-arrow-alt-left\" viewBox=\"0 0 448 512\" xmlns=\"http:\/\/www.w3.org\/2000\/svg\"><path d=\"M134.059 296H436c6.627 0 12-5.373 12-12v-56c0-6.627-5.373-12-12-12H134.059v-46.059c0-21.382-25.851-32.09-40.971-16.971L7.029 239.029c-9.373 9.373-9.373 24.569 0 33.941l86.059 86.059c15.119 15.119 40.971 4.411 40.971-16.971V296z\"><\/path><\/svg>\t\t\t<\/span>\n\t\t\t\t\t\t\t\t\t<span class=\"elementor-button-text\">Retour au canal des plaintes<\/span>\n\t\t\t\t\t<\/span>\n\t\t\t\t\t<\/a>\n\t\t\t\t<\/div>\n\t\t\t\t\t\t\t\t<\/div>\n\t\t\t\t<\/div>\n\t\t\t\t\t<\/div>\n\t\t\t\t<\/div>\n\t\t<div class=\"elementor-element elementor-element-f1d2081 e-flex e-con-boxed e-con e-parent\" data-id=\"f1d2081\" data-element_type=\"container\" data-settings=\"{&quot;jet_parallax_layout_list&quot;:[],&quot;_ha_eqh_enable&quot;:false}\">\n\t\t\t\t\t<div class=\"e-con-inner\">\n\t\t\t\t<div class=\"elementor-element elementor-element-7c95013 elementor-widget elementor-widget-html\" data-id=\"7c95013\" data-element_type=\"widget\" data-widget_type=\"html.default\">\n\t\t\t\t<div class=\"elementor-widget-container\">\n\t\t\t\t\t<script>const params = new URLSearchParams(window.location.search);\n    const codigo = params.get('codigo_denuncia');\n    \n    const targetParagraph = document.querySelector('.codigo-denuncia-text p');\n    if (targetParagraph && codigo) {\n      targetParagraph.textContent = codigo;\n    }\n    \n<\/script>\t\t\t\t<\/div>\n\t\t\t\t<\/div>\n\t\t\t\t\t<\/div>\n\t\t\t\t<\/div>\n\t\t\t\t<\/div>\n\t\t","protected":false},"excerpt":{"rendered":"<p>Rapport soumis avec succ\u00e8s Nous vous remercions de nous avoir contact\u00e9s et vous informons que votre plainte a bien \u00e9t\u00e9 re\u00e7ue par le biais de notre canal de r\u00e9clamation. Code de la plainte : _ Veuillez conserver cette r\u00e9f\u00e9rence car elle sera n\u00e9cessaire pour toute demande ult\u00e9rieure concernant l&rsquo;\u00e9tat d&rsquo;avancement du dossier ou pour fournir [&hellip;]<\/p>\n","protected":false},"author":2,"featured_media":0,"parent":0,"menu_order":0,"comment_status":"closed","ping_status":"closed","template":"elementor_header_footer","meta":{"_jet_sm_ready_style":"","_jet_sm_style":"","_jet_sm_controls_values":"","_jet_sm_fonts_collection":"","_jet_sm_fonts_links":"","footnotes":""},"class_list":["post-7391","page","type-page","status-publish","hentry"],"yoast_head":"<!-- This site is optimized with the Yoast SEO plugin v27.4 - https:\/\/yoast.com\/product\/yoast-seo-wordpress\/ -->\n<title>Rapport soumis avec succ\u00e8s - SGCOIN<\/title>\n<meta name=\"robots\" content=\"index, follow, max-snippet:-1, max-image-preview:large, max-video-preview:-1\" \/>\n<link rel=\"canonical\" href=\"https:\/\/sgcoin.com\/fr\/rapport-soumis-avec-succes\/\" \/>\n<meta property=\"og:locale\" content=\"fr_FR\" \/>\n<meta property=\"og:type\" content=\"article\" \/>\n<meta property=\"og:title\" content=\"Rapport soumis avec succ\u00e8s - SGCOIN\" \/>\n<meta property=\"og:description\" content=\"Rapport soumis avec succ\u00e8s Nous vous remercions de nous avoir contact\u00e9s et vous informons que votre plainte a bien \u00e9t\u00e9 re\u00e7ue par le biais de notre canal de r\u00e9clamation. Code de la plainte : _ Veuillez conserver cette r\u00e9f\u00e9rence car elle sera n\u00e9cessaire pour toute demande ult\u00e9rieure concernant l&rsquo;\u00e9tat d&rsquo;avancement du dossier ou pour fournir [&hellip;]\" \/>\n<meta property=\"og:url\" content=\"https:\/\/sgcoin.com\/fr\/rapport-soumis-avec-succes\/\" \/>\n<meta property=\"og:site_name\" content=\"SGCOIN\" \/>\n<meta property=\"article:modified_time\" content=\"2026-04-23T15:59:49+00:00\" \/>\n<meta name=\"twitter:card\" content=\"summary_large_image\" \/>\n<meta name=\"twitter:label1\" content=\"Dur\u00e9e de lecture estim\u00e9e\" \/>\n\t<meta name=\"twitter:data1\" content=\"1 minute\" \/>\n<script type=\"application\/ld+json\" class=\"yoast-schema-graph\">{\"@context\":\"https:\\\/\\\/schema.org\",\"@graph\":[{\"@type\":\"WebPage\",\"@id\":\"https:\\\/\\\/sgcoin.com\\\/fr\\\/rapport-soumis-avec-succes\\\/\",\"url\":\"https:\\\/\\\/sgcoin.com\\\/fr\\\/rapport-soumis-avec-succes\\\/\",\"name\":\"Rapport soumis avec succ\u00e8s - SGCOIN\",\"isPartOf\":{\"@id\":\"https:\\\/\\\/sgcoin.com\\\/#website\"},\"primaryImageOfPage\":{\"@id\":\"https:\\\/\\\/sgcoin.com\\\/fr\\\/rapport-soumis-avec-succes\\\/#primaryimage\"},\"image\":{\"@id\":\"https:\\\/\\\/sgcoin.com\\\/fr\\\/rapport-soumis-avec-succes\\\/#primaryimage\"},\"thumbnailUrl\":\"https:\\\/\\\/sgcoin.com\\\/wp-content\\\/uploads\\\/2023\\\/07\\\/linha-animada-sgcoin-1-1-1.svg\",\"datePublished\":\"2026-04-07T08:49:18+00:00\",\"dateModified\":\"2026-04-23T15:59:49+00:00\",\"breadcrumb\":{\"@id\":\"https:\\\/\\\/sgcoin.com\\\/fr\\\/rapport-soumis-avec-succes\\\/#breadcrumb\"},\"inLanguage\":\"fr-FR\",\"potentialAction\":[{\"@type\":\"ReadAction\",\"target\":[\"https:\\\/\\\/sgcoin.com\\\/fr\\\/rapport-soumis-avec-succes\\\/\"]}]},{\"@type\":\"ImageObject\",\"inLanguage\":\"fr-FR\",\"@id\":\"https:\\\/\\\/sgcoin.com\\\/fr\\\/rapport-soumis-avec-succes\\\/#primaryimage\",\"url\":\"https:\\\/\\\/sgcoin.com\\\/wp-content\\\/uploads\\\/2023\\\/07\\\/linha-animada-sgcoin-1-1-1.svg\",\"contentUrl\":\"https:\\\/\\\/sgcoin.com\\\/wp-content\\\/uploads\\\/2023\\\/07\\\/linha-animada-sgcoin-1-1-1.svg\"},{\"@type\":\"BreadcrumbList\",\"@id\":\"https:\\\/\\\/sgcoin.com\\\/fr\\\/rapport-soumis-avec-succes\\\/#breadcrumb\",\"itemListElement\":[{\"@type\":\"ListItem\",\"position\":1,\"name\":\"In\u00edcio\",\"item\":\"https:\\\/\\\/sgcoin.com\\\/\"},{\"@type\":\"ListItem\",\"position\":2,\"name\":\"Rapport soumis avec succ\u00e8s\"}]},{\"@type\":\"WebSite\",\"@id\":\"https:\\\/\\\/sgcoin.com\\\/#website\",\"url\":\"https:\\\/\\\/sgcoin.com\\\/\",\"name\":\"SGCOIN\",\"description\":\"\",\"publisher\":{\"@id\":\"https:\\\/\\\/sgcoin.com\\\/#organization\"},\"potentialAction\":[{\"@type\":\"SearchAction\",\"target\":{\"@type\":\"EntryPoint\",\"urlTemplate\":\"https:\\\/\\\/sgcoin.com\\\/?s={search_term_string}\"},\"query-input\":{\"@type\":\"PropertyValueSpecification\",\"valueRequired\":true,\"valueName\":\"search_term_string\"}}],\"inLanguage\":\"fr-FR\"},{\"@type\":\"Organization\",\"@id\":\"https:\\\/\\\/sgcoin.com\\\/#organization\",\"name\":\"SGCOIN\",\"url\":\"https:\\\/\\\/sgcoin.com\\\/\",\"logo\":{\"@type\":\"ImageObject\",\"inLanguage\":\"fr-FR\",\"@id\":\"https:\\\/\\\/sgcoin.com\\\/#\\\/schema\\\/logo\\\/image\\\/\",\"url\":\"https:\\\/\\\/sgcoin.com\\\/wp-content\\\/uploads\\\/2022\\\/06\\\/sgcoin-logo.jpg\",\"contentUrl\":\"https:\\\/\\\/sgcoin.com\\\/wp-content\\\/uploads\\\/2022\\\/06\\\/sgcoin-logo.jpg\",\"width\":512,\"height\":135,\"caption\":\"SGCOIN\"},\"image\":{\"@id\":\"https:\\\/\\\/sgcoin.com\\\/#\\\/schema\\\/logo\\\/image\\\/\"}}]}<\/script>\n<!-- \/ Yoast SEO plugin. -->","yoast_head_json":{"title":"Rapport soumis avec succ\u00e8s - SGCOIN","robots":{"index":"index","follow":"follow","max-snippet":"max-snippet:-1","max-image-preview":"max-image-preview:large","max-video-preview":"max-video-preview:-1"},"canonical":"https:\/\/sgcoin.com\/fr\/rapport-soumis-avec-succes\/","og_locale":"fr_FR","og_type":"article","og_title":"Rapport soumis avec succ\u00e8s - SGCOIN","og_description":"Rapport soumis avec succ\u00e8s Nous vous remercions de nous avoir contact\u00e9s et vous informons que votre plainte a bien \u00e9t\u00e9 re\u00e7ue par le biais de notre canal de r\u00e9clamation. Code de la plainte : _ Veuillez conserver cette r\u00e9f\u00e9rence car elle sera n\u00e9cessaire pour toute demande ult\u00e9rieure concernant l&rsquo;\u00e9tat d&rsquo;avancement du dossier ou pour fournir [&hellip;]","og_url":"https:\/\/sgcoin.com\/fr\/rapport-soumis-avec-succes\/","og_site_name":"SGCOIN","article_modified_time":"2026-04-23T15:59:49+00:00","twitter_card":"summary_large_image","twitter_misc":{"Dur\u00e9e de lecture estim\u00e9e":"1 minute"},"schema":{"@context":"https:\/\/schema.org","@graph":[{"@type":"WebPage","@id":"https:\/\/sgcoin.com\/fr\/rapport-soumis-avec-succes\/","url":"https:\/\/sgcoin.com\/fr\/rapport-soumis-avec-succes\/","name":"Rapport soumis avec succ\u00e8s - SGCOIN","isPartOf":{"@id":"https:\/\/sgcoin.com\/#website"},"primaryImageOfPage":{"@id":"https:\/\/sgcoin.com\/fr\/rapport-soumis-avec-succes\/#primaryimage"},"image":{"@id":"https:\/\/sgcoin.com\/fr\/rapport-soumis-avec-succes\/#primaryimage"},"thumbnailUrl":"https:\/\/sgcoin.com\/wp-content\/uploads\/2023\/07\/linha-animada-sgcoin-1-1-1.svg","datePublished":"2026-04-07T08:49:18+00:00","dateModified":"2026-04-23T15:59:49+00:00","breadcrumb":{"@id":"https:\/\/sgcoin.com\/fr\/rapport-soumis-avec-succes\/#breadcrumb"},"inLanguage":"fr-FR","potentialAction":[{"@type":"ReadAction","target":["https:\/\/sgcoin.com\/fr\/rapport-soumis-avec-succes\/"]}]},{"@type":"ImageObject","inLanguage":"fr-FR","@id":"https:\/\/sgcoin.com\/fr\/rapport-soumis-avec-succes\/#primaryimage","url":"https:\/\/sgcoin.com\/wp-content\/uploads\/2023\/07\/linha-animada-sgcoin-1-1-1.svg","contentUrl":"https:\/\/sgcoin.com\/wp-content\/uploads\/2023\/07\/linha-animada-sgcoin-1-1-1.svg"},{"@type":"BreadcrumbList","@id":"https:\/\/sgcoin.com\/fr\/rapport-soumis-avec-succes\/#breadcrumb","itemListElement":[{"@type":"ListItem","position":1,"name":"In\u00edcio","item":"https:\/\/sgcoin.com\/"},{"@type":"ListItem","position":2,"name":"Rapport soumis avec succ\u00e8s"}]},{"@type":"WebSite","@id":"https:\/\/sgcoin.com\/#website","url":"https:\/\/sgcoin.com\/","name":"SGCOIN","description":"","publisher":{"@id":"https:\/\/sgcoin.com\/#organization"},"potentialAction":[{"@type":"SearchAction","target":{"@type":"EntryPoint","urlTemplate":"https:\/\/sgcoin.com\/?s={search_term_string}"},"query-input":{"@type":"PropertyValueSpecification","valueRequired":true,"valueName":"search_term_string"}}],"inLanguage":"fr-FR"},{"@type":"Organization","@id":"https:\/\/sgcoin.com\/#organization","name":"SGCOIN","url":"https:\/\/sgcoin.com\/","logo":{"@type":"ImageObject","inLanguage":"fr-FR","@id":"https:\/\/sgcoin.com\/#\/schema\/logo\/image\/","url":"https:\/\/sgcoin.com\/wp-content\/uploads\/2022\/06\/sgcoin-logo.jpg","contentUrl":"https:\/\/sgcoin.com\/wp-content\/uploads\/2022\/06\/sgcoin-logo.jpg","width":512,"height":135,"caption":"SGCOIN"},"image":{"@id":"https:\/\/sgcoin.com\/#\/schema\/logo\/image\/"}}]}},"_links":{"self":[{"href":"https:\/\/sgcoin.com\/fr\/wp-json\/wp\/v2\/pages\/7391","targetHints":{"allow":["GET"]}}],"collection":[{"href":"https:\/\/sgcoin.com\/fr\/wp-json\/wp\/v2\/pages"}],"about":[{"href":"https:\/\/sgcoin.com\/fr\/wp-json\/wp\/v2\/types\/page"}],"author":[{"embeddable":true,"href":"https:\/\/sgcoin.com\/fr\/wp-json\/wp\/v2\/users\/2"}],"replies":[{"embeddable":true,"href":"https:\/\/sgcoin.com\/fr\/wp-json\/wp\/v2\/comments?post=7391"}],"version-history":[{"count":5,"href":"https:\/\/sgcoin.com\/fr\/wp-json\/wp\/v2\/pages\/7391\/revisions"}],"predecessor-version":[{"id":7446,"href":"https:\/\/sgcoin.com\/fr\/wp-json\/wp\/v2\/pages\/7391\/revisions\/7446"}],"wp:attachment":[{"href":"https:\/\/sgcoin.com\/fr\/wp-json\/wp\/v2\/media?parent=7391"}],"curies":[{"name":"wp","href":"https:\/\/api.w.org\/{rel}","templated":true}]}}