{"id":4182,"date":"2022-02-18T17:40:04","date_gmt":"2022-02-18T17:40:04","guid":{"rendered":"https:\/\/sgcoin.com\/recrutamento\/"},"modified":"2022-06-20T13:50:09","modified_gmt":"2022-06-20T13:50:09","slug":"recrutement","status":"publish","type":"page","link":"https:\/\/sgcoin.com\/fr\/recrutement\/","title":{"rendered":"Recrutement"},"content":{"rendered":"\t\t<div data-elementor-type=\"wp-page\" data-elementor-id=\"4182\" class=\"elementor elementor-4182 elementor-2195\" data-elementor-settings=\"{&quot;ha_cmc_init_switcher&quot;:&quot;no&quot;}\">\n\t\t\t\t\t\t<section class=\"elementor-section elementor-top-section elementor-element elementor-element-1b2c4fa elementor-section-height-min-height scrollFade elementor-section-items-bottom elementor-section-boxed elementor-section-height-default\" data-id=\"1b2c4fa\" data-element_type=\"section\" data-settings=\"{&quot;jet_parallax_layout_list&quot;:[],&quot;background_background&quot;:&quot;classic&quot;,&quot;_ha_eqh_enable&quot;:false}\">\n\t\t\t\t\t\t\t<div class=\"elementor-background-overlay\"><\/div>\n\t\t\t\t\t\t\t<div class=\"elementor-container elementor-column-gap-default\">\n\t\t\t\t\t<div class=\"elementor-column elementor-col-100 elementor-top-column elementor-element elementor-element-1b74643\" data-id=\"1b74643\" data-element_type=\"column\">\n\t\t\t<div class=\"elementor-widget-wrap elementor-element-populated\">\n\t\t\t\t\t\t<div class=\"elementor-element elementor-element-592cf8b elementor-widget elementor-widget-heading\" data-id=\"592cf8b\" data-element_type=\"widget\" data-widget_type=\"heading.default\">\n\t\t\t\t<div class=\"elementor-widget-container\">\n\t\t\t\t\t<h2 class=\"elementor-heading-title elementor-size-default\">Rejoignez  <br class=\"vc_hidden-xs\">\n<b> notre \u00e9quipe <\/b>!\n\n<\/h2>\t\t\t\t<\/div>\n\t\t\t\t<\/div>\n\t\t\t\t<div class=\"elementor-element elementor-element-d6674d2 elementor-align-center elementor-widget elementor-widget-jet-lottie\" data-id=\"d6674d2\" data-element_type=\"widget\" data-widget_type=\"jet-lottie.default\">\n\t\t\t\t<div class=\"elementor-widget-container\">\n\t\t\t\t\t<div class=\"elementor-jet-lottie jet-elements\"><div class=\"jet-lottie\" data-settings=\"{&quot;path&quot;:&quot;https:\\\/\\\/sgcoin.com\\\/wp-content\\\/uploads\\\/2022\\\/02\\\/lf20_mruaicmq.json&quot;,&quot;renderer&quot;:&quot;svg&quot;,&quot;action_start&quot;:&quot;autoplay&quot;,&quot;delay&quot;:&quot;&quot;,&quot;on_hover_out&quot;:null,&quot;redirect_timeout&quot;:null,&quot;viewport&quot;:&quot;&quot;,&quot;loop&quot;:true,&quot;loop_times&quot;:&quot;&quot;,&quot;reversed&quot;:false,&quot;play_speed&quot;:1}\"><div class=\"jet-lottie__elem\"><\/div><\/div><\/div>\t\t\t\t<\/div>\n\t\t\t\t<\/div>\n\t\t\t\t<div class=\"elementor-element elementor-element-464d3d9 elementor-widget__width-initial elementor-widget elementor-widget-text-editor\" data-id=\"464d3d9\" data-element_type=\"widget\" data-widget_type=\"text-editor.default\">\n\t\t\t\t<div class=\"elementor-widget-container\">\n\t\t\t\t\t\t\t\t\t<p>Vous souhaitez faire partie de notre \u00e9quipe de professionnels\u00a0?<br \/>Alors, remplissez le formulaire de candidature.<\/p>\t\t\t\t\t\t\t\t<\/div>\n\t\t\t\t<\/div>\n\t\t\t\t<div class=\"elementor-element elementor-element-ac14421 elementor-widget elementor-widget-spacer\" data-id=\"ac14421\" data-element_type=\"widget\" data-widget_type=\"spacer.default\">\n\t\t\t\t<div class=\"elementor-widget-container\">\n\t\t\t\t\t\t\t<div class=\"elementor-spacer\">\n\t\t\t<div class=\"elementor-spacer-inner\"><\/div>\n\t\t<\/div>\n\t\t\t\t\t\t<\/div>\n\t\t\t\t<\/div>\n\t\t\t\t\t<\/div>\n\t\t<\/div>\n\t\t\t\t\t<\/div>\n\t\t<\/section>\n\t\t\t\t<section class=\"elementor-section elementor-top-section elementor-element elementor-element-12e62a1 elementor-section-boxed elementor-section-height-default elementor-section-height-default\" data-id=\"12e62a1\" data-element_type=\"section\" data-settings=\"{&quot;jet_parallax_layout_list&quot;:[],&quot;_ha_eqh_enable&quot;:false}\">\n\t\t\t\t\t\t<div class=\"elementor-container elementor-column-gap-default\">\n\t\t\t\t\t<div class=\"elementor-column elementor-col-100 elementor-top-column elementor-element elementor-element-db73079\" data-id=\"db73079\" data-element_type=\"column\">\n\t\t\t<div class=\"elementor-widget-wrap elementor-element-populated\">\n\t\t\t\t\t\t<div class=\"elementor-element elementor-element-371f008 form-recrutamento elementor-widget elementor-widget-jet-form-builder-form\" data-id=\"371f008\" data-element_type=\"widget\" data-widget_type=\"jet-form-builder-form.default\">\n\t\t\t\t<div class=\"elementor-widget-container\">\n\t\t\t\t\t<link rel='stylesheet' id='wp-block-library-css' href='https:\/\/sgcoin.com\/wp-includes\/css\/dist\/block-library\/style.min.css?ver=6.9.4' type='text\/css' media='all' \/>\n<link rel=\"preconnect\" href=\"https:\/\/fonts.gstatic.com\"><style id=\"jet-form-builder-4241-inline-css\">.jet-sm-gb-4418faa2-dfab-4fab-9c7b-f93e4fbda4ec .jet-form-builder__desc.jet-form-builder__desc.jet-form-builder__desc{background-color: ;} .jet-sm-gb-4400a922-a31f-45a5-8bab-b9cd317874df .jet-form-builder__desc.jet-form-builder__desc.jet-form-builder__desc{background-color: ;} .jet-sm-gb-a6a230fa-29c5-45c0-89ab-9620603d40e7 .jet-form-builder__desc.jet-form-builder__desc.jet-form-builder__desc{background-color: ;} .jet-sm-gb-c82393ef-4a68-40f7-9681-9da2485548b2 .jet-form-builder__desc.jet-form-builder__desc.jet-form-builder__desc{background-color: ;} .jet-sm-gb-5f04f7a9-4e08-40fc-9a18-a56765976923 .jet-form-builder__desc.jet-form-builder__desc.jet-form-builder__desc{background-color: ;} .jet-sm-gb-52ebe933-c5d2-431a-86f3-ea26799ec321 .jet-form-builder__desc.jet-form-builder__desc.jet-form-builder__desc{background-color: ;} .jet-sm-gb-66acf934-4ed2-4a16-bd60-e86b2be878d7 .jet-form-builder__action-button:hover:not(:disabled){background-color: ;} <\/style><form  class=\"jet-form-builder layout-column submit-type-ajax\" action=\"https:\/\/sgcoin.com\/fr\/wp-json\/wp\/v2\/pages\/4182\/?6bzLyB=qv92uuhZXL&amp;method=reload\" method=\"POST\" data-form-id=\"4241\" data-layout=\"column\" enctype=\"multipart\/form-data\" novalidate=\"null\" ssr_validation_method=\"rest\"><input type=\"hidden\" id=\"_wpnonce\" name=\"_wpnonce\" value=\"5395d5ecb7\" \/><input type=\"hidden\" name=\"_wp_http_referer\" value=\"\/fr\/wp-json\/wp\/v2\/pages\/4182\" \/>\r\n<input type=\"hidden\" name=\"_jfb_current_render_states[]\" value=\"DEFAULT.STATE\" data-jfb-sync \/><input type=\"hidden\" class=\"jet-form-builder__field hidden-field\" name=\"_jet_engine_booking_form_id\" data-field-name=\"_jet_engine_booking_form_id\" value=\"4241\">\n<input type=\"hidden\" class=\"jet-form-builder__field hidden-field\" name=\"_jet_engine_refer\" data-field-name=\"_jet_engine_refer\" value=\"https:\/\/sgcoin.com\/fr\/wp-json\/wp\/v2\/pages\/4182\/\">\n<input type=\"hidden\" class=\"jet-form-builder__field hidden-field\" name=\"__queried_post_id\" data-field-name=\"__queried_post_id\" value=\"4182\">\n\n<div class=\"wp-block-columns is-layout-flex wp-container-core-columns-is-layout-9d6595d7 wp-block-columns-is-layout-flex\">\n<div class=\"wp-block-column is-layout-flow wp-block-column-is-layout-flow\"><div class=\" jet-sm-gb-wrapper jet-sm-gb-4418faa2-dfab-4fab-9c7b-f93e4fbda4ec\" data-block-id=\"jet-sm-gb-4418faa2-dfab-4fab-9c7b-f93e4fbda4ec\" ><div  class=\"jet-form-builder-row field-type-text-field\" >\n<div class=\"jet-form-builder__label\">\r\n<div class=\"jet-form-builder__label-text\">Pr\u00e9nom <span class=\"jet-form-builder__required\">*<\/span><\/div><\/div><div class=\"jet-form-builder__field-wrap\">\n\t\t\t\t<input required=\"required\" name=\"primeiro_nome\" id=\"primeiro_nome\" type=\"text\" data-field-name=\"primeiro_nome\" class=\"jet-form-builder__field text-field\" data-jfb-sync=\"null\" autocomplete=\"off_d7369bUJ\">\n\t\t\t\t\t<\/div>\n<\/div><\/div><\/div>\n\n\n\n<div class=\"wp-block-column is-layout-flow wp-block-column-is-layout-flow\"><div class=\" jet-sm-gb-wrapper jet-sm-gb-a6a230fa-29c5-45c0-89ab-9620603d40e7\" data-block-id=\"jet-sm-gb-a6a230fa-29c5-45c0-89ab-9620603d40e7\" ><div  class=\"jet-form-builder-row field-type-text-field\" >\n<div class=\"jet-form-builder__label\">\r\n<div class=\"jet-form-builder__label-text\">Nom de famille <span class=\"jet-form-builder__required\">*<\/span><\/div><\/div><div class=\"jet-form-builder__field-wrap\">\n\t\t\t\t<input required=\"required\" name=\"ultimo_nome\" id=\"ultimo_nome\" type=\"text\" data-field-name=\"ultimo_nome\" class=\"jet-form-builder__field text-field\" data-jfb-sync=\"null\" autocomplete=\"off_rbclxKaB\">\n\t\t\t\t\t<\/div>\n<\/div><\/div><\/div>\n<\/div>\n\n\n\n<div class=\"wp-block-columns is-layout-flex wp-container-core-columns-is-layout-9d6595d7 wp-block-columns-is-layout-flex\">\n<div class=\"wp-block-column is-layout-flow wp-block-column-is-layout-flow\"><div class=\" jet-sm-gb-wrapper jet-sm-gb-c82393ef-4a68-40f7-9681-9da2485548b2\" data-block-id=\"jet-sm-gb-c82393ef-4a68-40f7-9681-9da2485548b2\" ><div  class=\"jet-form-builder-row field-type-text-field\" >\n<div class=\"jet-form-builder__label\">\r\n<div class=\"jet-form-builder__label-text\">E-mail <span class=\"jet-form-builder__required\">*<\/span><\/div><\/div><div class=\"jet-form-builder__field-wrap\">\n\t\t\t\t<input required=\"required\" name=\"em\" id=\"em\" type=\"email\" data-field-name=\"em\" class=\"jet-form-builder__field text-field\" data-jfb-sync=\"null\" autocomplete=\"off_GHR0sQKJ\">\n\t\t\t\t\t<\/div>\n<\/div><\/div><\/div>\n\n\n\n<div class=\"wp-block-column is-layout-flow wp-block-column-is-layout-flow\"><div class=\" jet-sm-gb-wrapper jet-sm-gb-5f04f7a9-4e08-40fc-9a18-a56765976923\" data-block-id=\"jet-sm-gb-5f04f7a9-4e08-40fc-9a18-a56765976923\" ><div  class=\"jet-form-builder-row field-type-text-field\" >\n<div class=\"jet-form-builder__label\">\r\n<div class=\"jet-form-builder__label-text\">T\u00e9l\u00e9phone mobile <span class=\"jet-form-builder__required\">*<\/span><\/div><\/div><div class=\"jet-form-builder__field-wrap\">\n\t\t\t\t<input required=\"required\" name=\"telemovel\" id=\"telemovel\" type=\"tel\" data-field-name=\"telemovel\" class=\"jet-form-builder__field text-field\" data-jfb-sync=\"null\" autocomplete=\"off_CrhB1wRP\">\n\t\t\t\t\t<\/div>\n<\/div><\/div><\/div>\n<\/div>\n\n\n\n<div class=\"wp-block-columns is-layout-flex wp-container-core-columns-is-layout-9d6595d7 wp-block-columns-is-layout-flex\">\n<div class=\"wp-block-column is-layout-flow wp-block-column-is-layout-flow\"><div class=\" jet-sm-gb-wrapper jet-sm-gb-52ebe933-c5d2-431a-86f3-ea26799ec321\" data-block-id=\"jet-sm-gb-52ebe933-c5d2-431a-86f3-ea26799ec321\" ><div  class=\"jet-form-builder-row field-type-textarea-field\" >\n<div class=\"jet-form-builder__label\">\r\n<div class=\"jet-form-builder__label-text\">Message <span class=\"jet-form-builder__required\">*<\/span><\/div><\/div><div class=\"jet-form-builder__field-wrap\">\n\t\t<textarea class=\"jet-form-builder__field textarea-field\" required=\"required\" name=\"mensagem\" data-field-name=\"mensagem\" id=\"mensagem\" data-jfb-sync=\"null\"><\/textarea>\n\t<\/div>\n<\/div><\/div><\/div>\n<\/div>\n\n\n\n<div class=\"wp-block-columns is-layout-flex wp-container-core-columns-is-layout-9d6595d7 wp-block-columns-is-layout-flex\">\n<div class=\"wp-block-column is-layout-flow wp-block-column-is-layout-flow\"><div class=\" jet-sm-gb-wrapper jet-sm-gb-4400a922-a31f-45a5-8bab-b9cd317874df\" data-block-id=\"jet-sm-gb-4400a922-a31f-45a5-8bab-b9cd317874df\" ><div  class=\"jet-form-builder-row field-type-media-field\" >\n<template class=\"jet-form-builder__preview-template\"><div class=\"jet-form-builder-file-upload__file\" data-file=\"%file_url%\">\n\t<!-- preview -->\n\t<!-- field -->\n\t<div class=\"jet-form-builder-file-upload__file-remove\" data-file-name=\"%file_name%\">\n\t\t<svg width=\"22\" height=\"22\" viewBox=\"0 0 14 15\" fill=\"none\" xmlns=\"http:\/\/www.w3.org\/2000\/svg\">\n\t\t\t<path d=\"M4.375 7H6.125V12.25H4.375V7ZM7.875 7H9.625V12.25H7.875V7ZM10.5 1.75C10.5 1.51302 10.4134 1.30794 10.2402 1.13477C10.0762 0.961589 9.87109 0.875 9.625 0.875H4.375C4.12891 0.875 3.91927 0.961589 3.74609 1.13477C3.58203 1.30794 3.5 1.51302 3.5 1.75V3.5H0V5.25H0.875V14C0.875 14.237 0.957031 14.4421 1.12109 14.6152C1.29427 14.7884 1.50391 14.875 1.75 14.875H12.25C12.4961 14.875 12.7012 14.7884 12.8652 14.6152C13.0384 14.4421 13.125 14.237 13.125 14V5.25H14V3.5H10.5V1.75ZM5.25 2.625H8.75V3.5H5.25V2.625ZM11.375 5.25V13.125H2.625V5.25H11.375Z\"><\/path>\n\t\t<\/svg>\n\t<\/div>\n\t<span\n\t\t\tclass=\"jet-form-builder-file-upload__file-invalid-marker\"\n\t\t\tstyle=\"display: none\">\n\t\t<svg xmlns=\"http:\/\/www.w3.org\/2000\/svg\" viewBox=\"0 0 20 20\" fill=\"currentcolor\" width=\"24\" height=\"24\" aria-hidden=\"true\" focusable=\"false\"><path d=\"M10 2c4.42 0 8 3.58 8 8s-3.58 8-8 8-8-3.58-8-8 3.58-8 8-8zm1.13 9.38l.35-6.46H8.52l.35 6.46h2.26zm-.09 3.36c.24-.23.37-.55.37-.96 0-.42-.12-.74-.36-.97s-.59-.35-1.06-.35-.82.12-1.07.35-.37.55-.37.97c0 .41.13.73.38.96.26.23.61.34 1.06.34s.8-.11 1.05-.34z\"><\/path><\/svg>\n\t<\/span>\n\t<!-- footer -->\n<\/div>\n<\/template><div class=\"jet-form-builder__label\">\r\n<div class=\"jet-form-builder__label-text\">Joindre CV <span class=\"jet-form-builder__required\">*<\/span><\/div><\/div><div class=\"jet-form-builder__field-wrap jet-form-builder-file-upload\">\n\t\t<div class=\"jet-form-builder-file-upload__content\">\n\t\t<div class=\"jet-form-builder-file-upload__loader\"><svg xmlns=\"http:\/\/www.w3.org\/2000\/svg\" width=\"38\" height=\"38\" viewBox=\"0 0 38 38\" stroke=\"#fff\"><g fill=\"none\" fill-rule=\"evenodd\"><g transform=\"translate(1 1)\" stroke-width=\"2\"><circle stroke-opacity=\".5\" cx=\"18\" cy=\"18\" r=\"18\"\/><path d=\"M36 18c0-9.94-8.06-18-18-18\" transform=\"rotate(137.826 18 18)\"><animateTransform attributeName=\"transform\" type=\"rotate\" from=\"0 18 18\" to=\"360 18 18\" dur=\"1s\" repeatCount=\"indefinite\"\/><\/path><\/g><\/g><\/svg><\/div>\t\t<div class=\"jet-form-builder-file-upload__files\" data-args=\"{&quot;max_files&quot;:1,&quot;max_size&quot;:10485760}\">\n\t\t\t\t\t<\/div>\n\t<\/div>\n\t<div class=\"jet-form-builder-file-upload__fields\">\n\t\t<input class=\"jet-form-builder__field file-field jet-form-builder-file-upload__input\" name=\"anexar_cv\" data-field-name=\"anexar_cv\" type=\"file\" data-form_id=\"4241\" id=\"anexar_cv\" required=\"required\" data-jfb-sync=\"null\" accept=\"application\/pdf,application\/x-tar,application\/zip,application\/x-gzip,application\/rar,application\/x-7z-compressed,application\/msword,application\/vnd.ms-word.document.macroEnabled.12,application\/vnd.ms-word.template.macroEnabled.12,application\/vnd.ms-xpsdocument\" data-max_size=\"10485760\">\n\t<\/div>\n\t<div class=\"jet-form-builder-file-upload__message\"><small>Maximum file size: 10 Mo<\/small><\/div>\n\t<div class=\"jet-form-builder-file-upload__errors is-hidden\"><\/div>\n\t<\/div>\n<\/div><\/div><\/div>\n<\/div>\n\n\n<div class=\" jet-sm-gb-wrapper jet-sm-gb-66acf934-4ed2-4a16-bd60-e86b2be878d7\" data-block-id=\"jet-sm-gb-66acf934-4ed2-4a16-bd60-e86b2be878d7\" ><input type=\"hidden\" class=\"captcha-token\" name=\"_captcha_token\" value=\"\"\/><div  class=\"jet-form-builder-row field-type-submit-field\" >\n\t<div data-type=\"submit\" class=\"jet-form-builder__action-button-wrapper jet-form-builder__submit-wrap\">\n\t<button class=\"jet-form-builder__action-button jet-form-builder__submit submit-type-ajax\" type=\"submit\">Je veux postuler<\/button>\n\t<\/div>\n\t\n<\/div><\/div>\n\n\n<p><\/p>\n\t<div class=\"jet-form-builder-messages-wrap\" data-form-id=\"4241\"><\/div>\n<\/form>\n\t\t\t\t<\/div>\n\t\t\t\t<\/div>\n\t\t\t\t<div class=\"elementor-element elementor-element-044e43b elementor-widget elementor-widget-jet-button\" data-id=\"044e43b\" data-element_type=\"widget\" data-widget_type=\"jet-button.default\">\n\t\t\t\t<div class=\"elementor-widget-container\">\n\t\t\t\t\t<div class=\"elementor-jet-button jet-elements\"><div class=\"jet-button__container\">\n\t<a class=\"jet-button__instance jet-button__instance--icon-left hover-effect-1\" href=\"https:\/\/sgcoin.com\/fr\/entreprise\/\">\n\t\t<div class=\"jet-button__plane jet-button__plane-normal\"><\/div>\n\t\t<div class=\"jet-button__plane jet-button__plane-hover\"><\/div>\n\t\t<div class=\"jet-button__state jet-button__state-normal\">\n\t\t\t<span class=\"jet-button__icon jet-elements-icon\"><i aria-hidden=\"true\" class=\"hm hm-arrow-left\"><\/i><\/span><span class=\"jet-button__label\">Enterprise<\/span>\t\t<\/div>\n\t\t<div class=\"jet-button__state jet-button__state-hover\">\n\t\t\t<span class=\"jet-button__icon jet-elements-icon\"><i aria-hidden=\"true\" class=\"hm hm-arrow-left\"><\/i><\/span><span class=\"jet-button__label\">Enterprise<\/span>\t\t<\/div>\n\t<\/a>\n<\/div>\n<\/div>\t\t\t\t<\/div>\n\t\t\t\t<\/div>\n\t\t\t\t\t<\/div>\n\t\t<\/div>\n\t\t\t\t\t<\/div>\n\t\t<\/section>\n\t\t\t\t<\/div>\n\t\t","protected":false},"excerpt":{"rendered":"<p>Rejoignez notre \u00e9quipe ! Vous souhaitez faire partie de notre \u00e9quipe de professionnels&nbsp;? Alors, remplissez le formulaire de candidature. Pr\u00e9nom * Nom de famille * E-mail * T\u00e9l\u00e9phone mobile * Message * Joindre CV * Maximum file size: 10 MB Je veux postuler Enterprise Enterprise<\/p>\n","protected":false},"author":3,"featured_media":0,"parent":0,"menu_order":0,"comment_status":"closed","ping_status":"closed","template":"elementor_header_footer","meta":{"_jet_sm_ready_style":"","_jet_sm_style":"","_jet_sm_controls_values":"","_jet_sm_fonts_collection":"","_jet_sm_fonts_links":"","footnotes":""},"class_list":["post-4182","page","type-page","status-publish","hentry"],"yoast_head":"<!-- This site is optimized with the Yoast SEO plugin v27.4 - https:\/\/yoast.com\/product\/yoast-seo-wordpress\/ -->\n<title>Recrutement - SGCOIN<\/title>\n<meta name=\"description\" content=\"Vous souhaitez faire partie de notre \u00e9quipe de professionnels ?Alors, remplissez le formulaire de candidature.\" \/>\n<meta name=\"robots\" content=\"index, follow, max-snippet:-1, max-image-preview:large, max-video-preview:-1\" \/>\n<link rel=\"canonical\" href=\"https:\/\/sgcoin.com\/fr\/recrutement\/\" \/>\n<meta property=\"og:locale\" content=\"fr_FR\" \/>\n<meta property=\"og:type\" content=\"article\" \/>\n<meta property=\"og:title\" content=\"Recrutement - SGCOIN\" \/>\n<meta property=\"og:description\" content=\"Vous souhaitez faire partie de notre \u00e9quipe de professionnels ?Alors, remplissez le formulaire de candidature.\" \/>\n<meta property=\"og:url\" content=\"https:\/\/sgcoin.com\/fr\/recrutement\/\" \/>\n<meta property=\"og:site_name\" content=\"SGCOIN\" \/>\n<meta property=\"article:modified_time\" content=\"2022-06-20T13:50:09+00:00\" \/>\n<meta name=\"twitter:card\" content=\"summary_large_image\" \/>\n<meta name=\"twitter:label1\" content=\"Dur\u00e9e de lecture estim\u00e9e\" \/>\n\t<meta name=\"twitter:data1\" content=\"1 minute\" \/>\n<script type=\"application\/ld+json\" class=\"yoast-schema-graph\">{\"@context\":\"https:\\\/\\\/schema.org\",\"@graph\":[{\"@type\":\"WebPage\",\"@id\":\"https:\\\/\\\/sgcoin.com\\\/fr\\\/recrutement\\\/\",\"url\":\"https:\\\/\\\/sgcoin.com\\\/fr\\\/recrutement\\\/\",\"name\":\"Recrutement - SGCOIN\",\"isPartOf\":{\"@id\":\"https:\\\/\\\/sgcoin.com\\\/#website\"},\"datePublished\":\"2022-02-18T17:40:04+00:00\",\"dateModified\":\"2022-06-20T13:50:09+00:00\",\"description\":\"Vous souhaitez faire partie de notre \u00e9quipe de professionnels ?Alors, remplissez le formulaire de candidature.\",\"breadcrumb\":{\"@id\":\"https:\\\/\\\/sgcoin.com\\\/fr\\\/recrutement\\\/#breadcrumb\"},\"inLanguage\":\"fr-FR\",\"potentialAction\":[{\"@type\":\"ReadAction\",\"target\":[\"https:\\\/\\\/sgcoin.com\\\/fr\\\/recrutement\\\/\"]}]},{\"@type\":\"BreadcrumbList\",\"@id\":\"https:\\\/\\\/sgcoin.com\\\/fr\\\/recrutement\\\/#breadcrumb\",\"itemListElement\":[{\"@type\":\"ListItem\",\"position\":1,\"name\":\"In\u00edcio\",\"item\":\"https:\\\/\\\/sgcoin.com\\\/\"},{\"@type\":\"ListItem\",\"position\":2,\"name\":\"Recrutement\"}]},{\"@type\":\"WebSite\",\"@id\":\"https:\\\/\\\/sgcoin.com\\\/#website\",\"url\":\"https:\\\/\\\/sgcoin.com\\\/\",\"name\":\"SGCOIN\",\"description\":\"\",\"publisher\":{\"@id\":\"https:\\\/\\\/sgcoin.com\\\/#organization\"},\"potentialAction\":[{\"@type\":\"SearchAction\",\"target\":{\"@type\":\"EntryPoint\",\"urlTemplate\":\"https:\\\/\\\/sgcoin.com\\\/?s={search_term_string}\"},\"query-input\":{\"@type\":\"PropertyValueSpecification\",\"valueRequired\":true,\"valueName\":\"search_term_string\"}}],\"inLanguage\":\"fr-FR\"},{\"@type\":\"Organization\",\"@id\":\"https:\\\/\\\/sgcoin.com\\\/#organization\",\"name\":\"SGCOIN\",\"url\":\"https:\\\/\\\/sgcoin.com\\\/\",\"logo\":{\"@type\":\"ImageObject\",\"inLanguage\":\"fr-FR\",\"@id\":\"https:\\\/\\\/sgcoin.com\\\/#\\\/schema\\\/logo\\\/image\\\/\",\"url\":\"https:\\\/\\\/sgcoin.com\\\/wp-content\\\/uploads\\\/2022\\\/06\\\/sgcoin-logo.jpg\",\"contentUrl\":\"https:\\\/\\\/sgcoin.com\\\/wp-content\\\/uploads\\\/2022\\\/06\\\/sgcoin-logo.jpg\",\"width\":512,\"height\":135,\"caption\":\"SGCOIN\"},\"image\":{\"@id\":\"https:\\\/\\\/sgcoin.com\\\/#\\\/schema\\\/logo\\\/image\\\/\"}}]}<\/script>\n<!-- \/ Yoast SEO plugin. -->","yoast_head_json":{"title":"Recrutement - SGCOIN","description":"Vous souhaitez faire partie de notre \u00e9quipe de professionnels ?Alors, remplissez le formulaire de candidature.","robots":{"index":"index","follow":"follow","max-snippet":"max-snippet:-1","max-image-preview":"max-image-preview:large","max-video-preview":"max-video-preview:-1"},"canonical":"https:\/\/sgcoin.com\/fr\/recrutement\/","og_locale":"fr_FR","og_type":"article","og_title":"Recrutement - SGCOIN","og_description":"Vous souhaitez faire partie de notre \u00e9quipe de professionnels ?Alors, remplissez le formulaire de candidature.","og_url":"https:\/\/sgcoin.com\/fr\/recrutement\/","og_site_name":"SGCOIN","article_modified_time":"2022-06-20T13:50:09+00:00","twitter_card":"summary_large_image","twitter_misc":{"Dur\u00e9e de lecture estim\u00e9e":"1 minute"},"schema":{"@context":"https:\/\/schema.org","@graph":[{"@type":"WebPage","@id":"https:\/\/sgcoin.com\/fr\/recrutement\/","url":"https:\/\/sgcoin.com\/fr\/recrutement\/","name":"Recrutement - SGCOIN","isPartOf":{"@id":"https:\/\/sgcoin.com\/#website"},"datePublished":"2022-02-18T17:40:04+00:00","dateModified":"2022-06-20T13:50:09+00:00","description":"Vous souhaitez faire partie de notre \u00e9quipe de professionnels ?Alors, remplissez le formulaire de candidature.","breadcrumb":{"@id":"https:\/\/sgcoin.com\/fr\/recrutement\/#breadcrumb"},"inLanguage":"fr-FR","potentialAction":[{"@type":"ReadAction","target":["https:\/\/sgcoin.com\/fr\/recrutement\/"]}]},{"@type":"BreadcrumbList","@id":"https:\/\/sgcoin.com\/fr\/recrutement\/#breadcrumb","itemListElement":[{"@type":"ListItem","position":1,"name":"In\u00edcio","item":"https:\/\/sgcoin.com\/"},{"@type":"ListItem","position":2,"name":"Recrutement"}]},{"@type":"WebSite","@id":"https:\/\/sgcoin.com\/#website","url":"https:\/\/sgcoin.com\/","name":"SGCOIN","description":"","publisher":{"@id":"https:\/\/sgcoin.com\/#organization"},"potentialAction":[{"@type":"SearchAction","target":{"@type":"EntryPoint","urlTemplate":"https:\/\/sgcoin.com\/?s={search_term_string}"},"query-input":{"@type":"PropertyValueSpecification","valueRequired":true,"valueName":"search_term_string"}}],"inLanguage":"fr-FR"},{"@type":"Organization","@id":"https:\/\/sgcoin.com\/#organization","name":"SGCOIN","url":"https:\/\/sgcoin.com\/","logo":{"@type":"ImageObject","inLanguage":"fr-FR","@id":"https:\/\/sgcoin.com\/#\/schema\/logo\/image\/","url":"https:\/\/sgcoin.com\/wp-content\/uploads\/2022\/06\/sgcoin-logo.jpg","contentUrl":"https:\/\/sgcoin.com\/wp-content\/uploads\/2022\/06\/sgcoin-logo.jpg","width":512,"height":135,"caption":"SGCOIN"},"image":{"@id":"https:\/\/sgcoin.com\/#\/schema\/logo\/image\/"}}]}},"_links":{"self":[{"href":"https:\/\/sgcoin.com\/fr\/wp-json\/wp\/v2\/pages\/4182","targetHints":{"allow":["GET"]}}],"collection":[{"href":"https:\/\/sgcoin.com\/fr\/wp-json\/wp\/v2\/pages"}],"about":[{"href":"https:\/\/sgcoin.com\/fr\/wp-json\/wp\/v2\/types\/page"}],"author":[{"embeddable":true,"href":"https:\/\/sgcoin.com\/fr\/wp-json\/wp\/v2\/users\/3"}],"replies":[{"embeddable":true,"href":"https:\/\/sgcoin.com\/fr\/wp-json\/wp\/v2\/comments?post=4182"}],"version-history":[{"count":10,"href":"https:\/\/sgcoin.com\/fr\/wp-json\/wp\/v2\/pages\/4182\/revisions"}],"predecessor-version":[{"id":5483,"href":"https:\/\/sgcoin.com\/fr\/wp-json\/wp\/v2\/pages\/4182\/revisions\/5483"}],"wp:attachment":[{"href":"https:\/\/sgcoin.com\/fr\/wp-json\/wp\/v2\/media?parent=4182"}],"curies":[{"name":"wp","href":"https:\/\/api.w.org\/{rel}","templated":true}]}}